{"id":1577,"date":"2024-01-25T09:19:42","date_gmt":"2024-01-25T08:19:42","guid":{"rendered":"https:\/\/masigroup.net\/chi-siamo\/"},"modified":"2025-02-24T09:48:47","modified_gmt":"2025-02-24T08:48:47","slug":"a-propos-de-nous","status":"publish","type":"page","link":"https:\/\/masigroup.net\/fr\/a-propos-de-nous\/","title":{"rendered":"\u00c0 propos de nous"},"content":{"rendered":"<p><div class=\"fusion-fullwidth fullwidth-box fusion-builder-row-1 fusion-flex-container has-pattern-background has-mask-background content1600 nonhundred-percent-fullwidth non-hundred-percent-height-scrolling fusion-animated\" style=\"--awb-background-position:left center;--awb-border-radius-top-left:0px;--awb-border-radius-top-right:0px;--awb-border-radius-bottom-right:0px;--awb-border-radius-bottom-left:0px;--awb-padding-top:90px;--awb-background-size:40% auto;--awb-flex-wrap:wrap;\" data-animationType=\"fadeInUp\" data-animationDuration=\"0.3\" data-animationOffset=\"top-into-view\" ><div class=\"fusion-builder-row fusion-row fusion-flex-align-items-center fusion-flex-justify-content-flex-end fusion-flex-content-wrap\" style=\"max-width:1445.6px;margin-left: calc(-4% \/ 2 );margin-right: calc(-4% \/ 2 );\"><div class=\"fusion-layout-column fusion_builder_column fusion-builder-column-0 fusion_builder_column_2_3 2_3 fusion-flex-column\" style=\"--awb-bg-size:cover;--awb-width-large:66.666666666667%;--awb-margin-top-large:0px;--awb-spacing-right-large:2.88%;--awb-margin-bottom-large:20px;--awb-spacing-left-large:2.88%;--awb-width-medium:100%;--awb-order-medium:0;--awb-spacing-right-medium:1.92%;--awb-spacing-left-medium:1.92%;--awb-width-small:100%;--awb-order-small:0;--awb-spacing-right-small:1.92%;--awb-spacing-left-small:1.92%;\"><div class=\"fusion-column-wrapper fusion-column-has-shadow fusion-flex-justify-content-flex-start fusion-content-layout-column\"><div class=\"fusion-title title fusion-title-1 fusion-sep-none fusion-title-text fusion-title-size-one\" style=\"--awb-margin-bottom:50px;--awb-font-size:var(--awb-typography1-font-size);\"><h1 class=\"fusion-title-heading title-heading-left fusion-responsive-typography-calculated\" style=\"font-family:var(--awb-typography1-font-family);font-weight:var(--awb-typography1-font-weight);font-style:var(--awb-typography1-font-style);margin:0;font-size:1em;letter-spacing:var(--awb-typography1-letter-spacing);text-transform:var(--awb-typography1-text-transform);--fontSize:50;line-height:var(--awb-typography1-line-height);\">\u00c0 propos de nous<\/h1><\/div><div class=\"fusion-title title fusion-title-2 fusion-sep-none fusion-title-text fusion-title-size-two\" style=\"--awb-text-color:var(--awb-color6);--awb-margin-bottom:20px;--awb-font-size:var(--awb-typography3-font-size);\"><h2 class=\"fusion-title-heading title-heading-left fusion-responsive-typography-calculated\" style=\"font-family:var(--awb-typography3-font-family);font-weight:var(--awb-typography3-font-weight);font-style:var(--awb-typography3-font-style);margin:0;font-size:1em;letter-spacing:var(--awb-typography3-letter-spacing);text-transform:uppercase;--fontSize:18;--minFontSize:18;line-height:var(--awb-typography3-line-height);\">Notre histoire<\/h2><\/div><div class=\"fusion-text fusion-text-1\" style=\"--awb-font-size:var(--awb-typography4-font-size);--awb-line-height:1.7;--awb-letter-spacing:var(--awb-typography4-letter-spacing);--awb-text-transform:var(--awb-typography4-text-transform);--awb-text-font-family:var(--awb-typography4-font-family);--awb-text-font-weight:var(--awb-typography4-font-weight);--awb-text-font-style:var(--awb-typography4-font-style);\"><p>MA.SI GROUP est n\u00e9 fin 2017 de l\u2019id\u00e9e de deux entrepreneurs qui se sont retrouv\u00e9s apr\u00e8s des ann\u00e9es de travail et d\u2019exp\u00e9rience dans le secteur de la construction avec de grands r\u00e9sultats et satisfaction.<\/p>\n<p>L\u2019acronyme est donn\u00e9 par les initiales des noms de famille des associ\u00e9s fondateurs, qui ont trouv\u00e9 ensemble celui qui unirait et rappellerait le projet de travail et l\u2019engagement, liant leur destin \u00e0 leur exp\u00e9rience dans le monde de la construction.<\/p>\n<p>Au fil des ann\u00e9es, nous avons tous deux eu une vie qui nous a vus constamment engag\u00e9s, jour apr\u00e8s jour, dans le monde de la construction, abordant des projets de diff\u00e9rents types dans des contextes \u00e0 la fois r\u00e9sidentiels, tertiaires et publics. Des interventions qui se sont d\u00e9velopp\u00e9es principalement dans le centre et le nord de l\u2019Italie, en collaboration avec d\u2019importants partenaires, avec lesquels il existe encore aujourd\u2019hui d\u2019excellentes relations.<\/p>\n<\/div><\/div><\/div><div class=\"fusion-layout-column fusion_builder_column fusion-builder-column-1 fusion_builder_column_1_3 1_3 fusion-flex-column\" style=\"--awb-bg-position:center center;--awb-bg-size:cover;--awb-width-large:33.333333333333%;--awb-margin-top-large:0px;--awb-spacing-right-large:5.76%;--awb-margin-bottom-large:20px;--awb-spacing-left-large:5.76%;--awb-width-medium:100%;--awb-order-medium:0;--awb-spacing-right-medium:1.92%;--awb-spacing-left-medium:1.92%;--awb-width-small:100%;--awb-order-small:0;--awb-spacing-right-small:1.92%;--awb-spacing-left-small:1.92%;\"><div class=\"fusion-column-wrapper fusion-column-has-shadow fusion-flex-justify-content-flex-start fusion-content-layout-column\"><div class=\"fusion-image-element \" style=\"text-align:center;--awb-max-width:400px;--awb-caption-title-font-family:var(--h2_typography-font-family);--awb-caption-title-font-weight:var(--h2_typography-font-weight);--awb-caption-title-font-style:var(--h2_typography-font-style);--awb-caption-title-size:var(--h2_typography-font-size);--awb-caption-title-transform:var(--h2_typography-text-transform);--awb-caption-title-line-height:var(--h2_typography-line-height);--awb-caption-title-letter-spacing:var(--h2_typography-letter-spacing);\"><span class=\" fusion-imageframe imageframe-none imageframe-1 hover-type-none\"><img decoding=\"async\" width=\"1134\" height=\"1043\" title=\"logo-masi-group\" src=\"https:\/\/masigroup.net\/wp-content\/uploads\/2024\/01\/logo-masi-group.svg\" alt class=\"img-responsive wp-image-38\"\/><\/span><\/div><\/div><\/div><\/div><\/div><div class=\"fusion-fullwidth fullwidth-box fusion-builder-row-2 fusion-flex-container has-pattern-background has-mask-background content1600 nonhundred-percent-fullwidth non-hundred-percent-height-scrolling\" style=\"--awb-border-radius-top-left:0px;--awb-border-radius-top-right:0px;--awb-border-radius-bottom-right:0px;--awb-border-radius-bottom-left:0px;--awb-flex-wrap:wrap;\" ><div class=\"fusion-builder-row fusion-row fusion-flex-align-items-flex-start fusion-flex-content-wrap\" style=\"max-width:1445.6px;margin-left: calc(-4% \/ 2 );margin-right: calc(-4% \/ 2 );\"><div class=\"fusion-layout-column fusion_builder_column fusion-builder-column-2 fusion_builder_column_1_1 1_1 fusion-flex-column fusion-animated\" style=\"--awb-bg-size:cover;--awb-width-large:100%;--awb-margin-top-large:0px;--awb-spacing-right-large:1.92%;--awb-margin-bottom-large:20px;--awb-spacing-left-large:1.92%;--awb-width-medium:100%;--awb-order-medium:0;--awb-spacing-right-medium:1.92%;--awb-spacing-left-medium:1.92%;--awb-width-small:100%;--awb-order-small:0;--awb-spacing-right-small:1.92%;--awb-spacing-left-small:1.92%;\" data-animationType=\"fadeInUp\" data-animationDuration=\"0.3\" data-animationOffset=\"top-into-view\"><div class=\"fusion-column-wrapper fusion-column-has-shadow fusion-flex-justify-content-flex-start fusion-content-layout-column\"><div class=\"fusion-title title fusion-title-3 fusion-sep-none fusion-title-text fusion-title-size-two\" style=\"--awb-text-color:var(--awb-color6);--awb-margin-bottom:20px;--awb-font-size:var(--awb-typography3-font-size);\"><h2 class=\"fusion-title-heading title-heading-left fusion-responsive-typography-calculated\" style=\"font-family:var(--awb-typography3-font-family);font-weight:var(--awb-typography3-font-weight);font-style:var(--awb-typography3-font-style);margin:0;font-size:1em;letter-spacing:var(--awb-typography3-letter-spacing);text-transform:uppercase;--fontSize:18;--minFontSize:18;line-height:var(--awb-typography3-line-height);\">\u00c0 PROPOS DE NOUS<\/h2><\/div><div class=\"fusion-text fusion-text-2\" style=\"--awb-font-size:var(--awb-typography4-font-size);--awb-line-height:1.7;--awb-letter-spacing:var(--awb-typography4-letter-spacing);--awb-text-transform:var(--awb-typography4-text-transform);--awb-text-font-family:var(--awb-typography4-font-family);--awb-text-font-weight:var(--awb-typography4-font-weight);--awb-text-font-style:var(--awb-typography4-font-style);\"><p>MA.SI Group est une entreprise de construction qui fonde ses vertus sur la mani\u00e8re dont sont r\u00e9alis\u00e9s les travaux qui lui sont confi\u00e9s.<\/p>\n<p>Dans le monde de la construction, malgr\u00e9 notre jeune \u00e2ge, nous avons abord\u00e9 des projets de diff\u00e9rents types dans des contextes r\u00e9sidentiels, tertiaires et publics. Des interventions qui se sont d\u00e9velopp\u00e9es principalement dans le centre et le nord de l\u2019Italie, en collaboration avec des partenaires importants, avec lesquels une excellente relation de travail existe encore aujourd\u2019hui.<\/p>\n<p>MA.SI GROUP emploie des ing\u00e9nieurs, des g\u00e9om\u00e8tres, des assistants de chantier, des employ\u00e9s, des chauffeurs et des ouvriers aux qualifications diverses, dont des charpentiers et des ma\u00e7ons.<\/p>\n<\/div><\/div><\/div><\/div><\/div><div class=\"fusion-fullwidth fullwidth-box fusion-builder-row-3 fusion-flex-container has-pattern-background has-mask-background content1600 nonhundred-percent-fullwidth non-hundred-percent-height-scrolling\" style=\"--awb-border-radius-top-left:0px;--awb-border-radius-top-right:0px;--awb-border-radius-bottom-right:0px;--awb-border-radius-bottom-left:0px;--awb-padding-top:30px;--awb-padding-bottom:70px;--awb-background-color:var(--awb-color1);--awb-flex-wrap:wrap;\" ><div class=\"fusion-builder-row fusion-row fusion-flex-align-items-flex-start fusion-flex-content-wrap\" style=\"max-width:1445.6px;margin-left: calc(-4% \/ 2 );margin-right: calc(-4% \/ 2 );\"><div class=\"fusion-layout-column fusion_builder_column fusion-builder-column-3 fusion_builder_column_1_1 1_1 fusion-flex-column fusion-animated\" style=\"--awb-bg-size:cover;--awb-width-large:100%;--awb-margin-top-large:0px;--awb-spacing-right-large:1.92%;--awb-margin-bottom-large:20px;--awb-spacing-left-large:1.92%;--awb-width-medium:100%;--awb-order-medium:0;--awb-spacing-right-medium:1.92%;--awb-spacing-left-medium:1.92%;--awb-width-small:100%;--awb-order-small:0;--awb-spacing-right-small:1.92%;--awb-spacing-left-small:1.92%;\" data-animationType=\"fadeInUp\" data-animationDuration=\"0.3\" data-animationOffset=\"top-into-view\"><div class=\"fusion-column-wrapper fusion-column-has-shadow fusion-flex-justify-content-flex-start fusion-content-layout-column\"><div class=\"fusion-title title fusion-title-4 fusion-sep-none fusion-title-text fusion-title-size-two\" style=\"--awb-text-color:var(--awb-color6);--awb-margin-bottom:20px;--awb-font-size:var(--awb-typography3-font-size);\"><h2 class=\"fusion-title-heading title-heading-left fusion-responsive-typography-calculated\" style=\"font-family:var(--awb-typography3-font-family);font-weight:var(--awb-typography3-font-weight);font-style:var(--awb-typography3-font-style);margin:0;font-size:1em;letter-spacing:var(--awb-typography3-letter-spacing);text-transform:uppercase;--fontSize:18;--minFontSize:18;line-height:var(--awb-typography3-line-height);\">NOS OBJECTIFS<\/h2><\/div><div class=\"fusion-text fusion-text-3\" style=\"--awb-font-size:var(--awb-typography4-font-size);--awb-line-height:1.7;--awb-letter-spacing:var(--awb-typography4-letter-spacing);--awb-text-transform:var(--awb-typography4-text-transform);--awb-text-font-family:var(--awb-typography4-font-family);--awb-text-font-weight:var(--awb-typography4-font-weight);--awb-text-font-style:var(--awb-typography4-font-style);\"><p>Le monde de la construction, aujourd\u2019hui plus que jamais, est un d\u00e9fi permanent qui exige une grande capacit\u00e9 de transformation et de recherche de nouvelles technologies afin de satisfaire pleinement le client et de lui livrer un produit fini de qualit\u00e9, dans les d\u00e9lais et en respectant les r\u00e8gles de s\u00e9curit\u00e9 qui sont aujourd\u2019hui l\u2019un des \u00e9l\u00e9ments fondamentaux. Notre objectif est donc d\u2019aborder tout projet avec une \u00e9quipe form\u00e9e de personnes comp\u00e9tentes qui sont les bras arm\u00e9s des t\u00eates pensantes.<\/p>\n<\/div><\/div><\/div><div class=\"fusion-layout-column fusion_builder_column fusion-builder-column-4 fusion_builder_column_1_1 1_1 fusion-flex-column fusion-animated\" style=\"--awb-bg-size:cover;--awb-width-large:100%;--awb-margin-top-large:0px;--awb-spacing-right-large:1.92%;--awb-margin-bottom-large:20px;--awb-spacing-left-large:1.92%;--awb-width-medium:100%;--awb-order-medium:0;--awb-spacing-right-medium:1.92%;--awb-spacing-left-medium:1.92%;--awb-width-small:100%;--awb-order-small:0;--awb-spacing-right-small:1.92%;--awb-spacing-left-small:1.92%;\" data-animationType=\"fadeInUp\" data-animationDuration=\"0.3\" data-animationOffset=\"top-into-view\"><div class=\"fusion-column-wrapper fusion-column-has-shadow fusion-flex-justify-content-flex-start fusion-content-layout-column\"><div class=\"fusion-title title fusion-title-5 fusion-sep-none fusion-title-text fusion-title-size-two\" style=\"--awb-text-color:var(--awb-color6);--awb-margin-bottom:20px;--awb-font-size:var(--awb-typography3-font-size);\"><h2 class=\"fusion-title-heading title-heading-left fusion-responsive-typography-calculated\" style=\"font-family:var(--awb-typography3-font-family);font-weight:var(--awb-typography3-font-weight);font-style:var(--awb-typography3-font-style);margin:0;font-size:1em;letter-spacing:var(--awb-typography3-letter-spacing);text-transform:uppercase;--fontSize:18;--minFontSize:18;line-height:var(--awb-typography3-line-height);\">NOS R\u00c9ALISATIONS<\/h2><\/div><div class=\"fusion-text fusion-text-4\" style=\"--awb-font-size:var(--awb-typography4-font-size);--awb-line-height:1.7;--awb-letter-spacing:var(--awb-typography4-letter-spacing);--awb-text-transform:var(--awb-typography4-text-transform);--awb-text-font-family:var(--awb-typography4-font-family);--awb-text-font-weight:var(--awb-typography4-font-weight);--awb-text-font-style:var(--awb-typography4-font-style);\"><p>MA.SI GROUP a r\u00e9alis\u00e9 plusieurs projets r\u00e9sidentiels, commerciaux et tertiaires au fil des ans, tant en r\u00e9gie qu\u2019en sous-traitance pour de grands groupes italiens.<br \/>\nQu\u2019il s\u2019agisse de contracter ou de sous-traiter, notre pr\u00e9rogative a toujours \u00e9t\u00e9 de r\u00e9pondre aux besoins du client comme s\u2019il s\u2019agissait des n\u00f4tres.<\/p>\n<\/div><\/div><\/div><\/div><\/div><\/p>\n","protected":false},"excerpt":{"rendered":"","protected":false},"author":1,"featured_media":0,"parent":0,"menu_order":0,"comment_status":"closed","ping_status":"closed","template":"100-width.php","meta":{"inline_featured_image":false,"footnotes":""},"class_list":["post-1577","page","type-page","status-publish","hentry"],"yoast_head":"<!-- This site is optimized with the Yoast SEO plugin v22.4 - https:\/\/yoast.com\/wordpress\/plugins\/seo\/ -->\n<title>MA.SI GROUP ha realizzato interventi residenziali, commerciali, terziari<\/title>\n<meta name=\"robots\" content=\"index, follow, max-snippet:-1, max-image-preview:large, max-video-preview:-1\" \/>\n<link rel=\"canonical\" href=\"https:\/\/masigroup.net\/fr\/a-propos-de-nous\/\" \/>\n<meta property=\"og:locale\" content=\"fr_FR\" \/>\n<meta property=\"og:type\" content=\"article\" \/>\n<meta property=\"og:title\" content=\"MA.SI GROUP ha realizzato interventi residenziali, commerciali, terziari\" \/>\n<meta property=\"og:url\" content=\"https:\/\/masigroup.net\/fr\/a-propos-de-nous\/\" \/>\n<meta property=\"og:site_name\" content=\"MA.Si Group\" \/>\n<meta property=\"article:modified_time\" content=\"2025-02-24T08:48:47+00:00\" \/>\n<meta name=\"twitter:card\" content=\"summary_large_image\" \/>\n<meta name=\"twitter:label1\" content=\"Dur\u00e9e de lecture estim\u00e9e\" \/>\n\t<meta name=\"twitter:data1\" content=\"3 minutes\" \/>\n<script type=\"application\/ld+json\" class=\"yoast-schema-graph\">{\"@context\":\"https:\/\/schema.org\",\"@graph\":[{\"@type\":\"WebPage\",\"@id\":\"https:\/\/masigroup.net\/fr\/a-propos-de-nous\/\",\"url\":\"https:\/\/masigroup.net\/fr\/a-propos-de-nous\/\",\"name\":\"MA.SI GROUP ha realizzato interventi residenziali, commerciali, terziari\",\"isPartOf\":{\"@id\":\"https:\/\/masigroup.net\/fr\/#website\"},\"datePublished\":\"2024-01-25T08:19:42+00:00\",\"dateModified\":\"2025-02-24T08:48:47+00:00\",\"breadcrumb\":{\"@id\":\"https:\/\/masigroup.net\/fr\/a-propos-de-nous\/#breadcrumb\"},\"inLanguage\":\"fr-FR\",\"potentialAction\":[{\"@type\":\"ReadAction\",\"target\":[\"https:\/\/masigroup.net\/fr\/a-propos-de-nous\/\"]}]},{\"@type\":\"BreadcrumbList\",\"@id\":\"https:\/\/masigroup.net\/fr\/a-propos-de-nous\/#breadcrumb\",\"itemListElement\":[{\"@type\":\"ListItem\",\"position\":1,\"name\":\"Home\",\"item\":\"https:\/\/masigroup.net\/fr\/\"},{\"@type\":\"ListItem\",\"position\":2,\"name\":\"\u00c0 propos de nous\"}]},{\"@type\":\"WebSite\",\"@id\":\"https:\/\/masigroup.net\/fr\/#website\",\"url\":\"https:\/\/masigroup.net\/fr\/\",\"name\":\"MA.Si Group srl\",\"description\":\"Impresa di Costruzioni\",\"publisher\":{\"@id\":\"https:\/\/masigroup.net\/fr\/#organization\"},\"potentialAction\":[{\"@type\":\"SearchAction\",\"target\":{\"@type\":\"EntryPoint\",\"urlTemplate\":\"https:\/\/masigroup.net\/fr\/?s={search_term_string}\"},\"query-input\":\"required name=search_term_string\"}],\"inLanguage\":\"fr-FR\"},{\"@type\":\"Organization\",\"@id\":\"https:\/\/masigroup.net\/fr\/#organization\",\"name\":\"MA.Si Group srl\",\"url\":\"https:\/\/masigroup.net\/fr\/\",\"logo\":{\"@type\":\"ImageObject\",\"inLanguage\":\"fr-FR\",\"@id\":\"https:\/\/masigroup.net\/fr\/#\/schema\/logo\/image\/\",\"url\":\"https:\/\/masigroup.net\/wp-content\/uploads\/2024\/01\/logo-masi-group.svg\",\"contentUrl\":\"https:\/\/masigroup.net\/wp-content\/uploads\/2024\/01\/logo-masi-group.svg\",\"width\":\"1024\",\"height\":\"1024\",\"caption\":\"MA.Si Group srl\"},\"image\":{\"@id\":\"https:\/\/masigroup.net\/fr\/#\/schema\/logo\/image\/\"}}]}<\/script>\n<!-- \/ Yoast SEO plugin. -->","yoast_head_json":{"title":"MA.SI GROUP ha realizzato interventi residenziali, commerciali, terziari","robots":{"index":"index","follow":"follow","max-snippet":"max-snippet:-1","max-image-preview":"max-image-preview:large","max-video-preview":"max-video-preview:-1"},"canonical":"https:\/\/masigroup.net\/fr\/a-propos-de-nous\/","og_locale":"fr_FR","og_type":"article","og_title":"MA.SI GROUP ha realizzato interventi residenziali, commerciali, terziari","og_url":"https:\/\/masigroup.net\/fr\/a-propos-de-nous\/","og_site_name":"MA.Si Group","article_modified_time":"2025-02-24T08:48:47+00:00","twitter_card":"summary_large_image","twitter_misc":{"Dur\u00e9e de lecture estim\u00e9e":"3 minutes"},"schema":{"@context":"https:\/\/schema.org","@graph":[{"@type":"WebPage","@id":"https:\/\/masigroup.net\/fr\/a-propos-de-nous\/","url":"https:\/\/masigroup.net\/fr\/a-propos-de-nous\/","name":"MA.SI GROUP ha realizzato interventi residenziali, commerciali, terziari","isPartOf":{"@id":"https:\/\/masigroup.net\/fr\/#website"},"datePublished":"2024-01-25T08:19:42+00:00","dateModified":"2025-02-24T08:48:47+00:00","breadcrumb":{"@id":"https:\/\/masigroup.net\/fr\/a-propos-de-nous\/#breadcrumb"},"inLanguage":"fr-FR","potentialAction":[{"@type":"ReadAction","target":["https:\/\/masigroup.net\/fr\/a-propos-de-nous\/"]}]},{"@type":"BreadcrumbList","@id":"https:\/\/masigroup.net\/fr\/a-propos-de-nous\/#breadcrumb","itemListElement":[{"@type":"ListItem","position":1,"name":"Home","item":"https:\/\/masigroup.net\/fr\/"},{"@type":"ListItem","position":2,"name":"\u00c0 propos de nous"}]},{"@type":"WebSite","@id":"https:\/\/masigroup.net\/fr\/#website","url":"https:\/\/masigroup.net\/fr\/","name":"MA.Si Group srl","description":"Impresa di Costruzioni","publisher":{"@id":"https:\/\/masigroup.net\/fr\/#organization"},"potentialAction":[{"@type":"SearchAction","target":{"@type":"EntryPoint","urlTemplate":"https:\/\/masigroup.net\/fr\/?s={search_term_string}"},"query-input":"required name=search_term_string"}],"inLanguage":"fr-FR"},{"@type":"Organization","@id":"https:\/\/masigroup.net\/fr\/#organization","name":"MA.Si Group srl","url":"https:\/\/masigroup.net\/fr\/","logo":{"@type":"ImageObject","inLanguage":"fr-FR","@id":"https:\/\/masigroup.net\/fr\/#\/schema\/logo\/image\/","url":"https:\/\/masigroup.net\/wp-content\/uploads\/2024\/01\/logo-masi-group.svg","contentUrl":"https:\/\/masigroup.net\/wp-content\/uploads\/2024\/01\/logo-masi-group.svg","width":"1024","height":"1024","caption":"MA.Si Group srl"},"image":{"@id":"https:\/\/masigroup.net\/fr\/#\/schema\/logo\/image\/"}}]}},"_links":{"self":[{"href":"https:\/\/masigroup.net\/fr\/wp-json\/wp\/v2\/pages\/1577","targetHints":{"allow":["GET"]}}],"collection":[{"href":"https:\/\/masigroup.net\/fr\/wp-json\/wp\/v2\/pages"}],"about":[{"href":"https:\/\/masigroup.net\/fr\/wp-json\/wp\/v2\/types\/page"}],"author":[{"embeddable":true,"href":"https:\/\/masigroup.net\/fr\/wp-json\/wp\/v2\/users\/1"}],"replies":[{"embeddable":true,"href":"https:\/\/masigroup.net\/fr\/wp-json\/wp\/v2\/comments?post=1577"}],"version-history":[{"count":3,"href":"https:\/\/masigroup.net\/fr\/wp-json\/wp\/v2\/pages\/1577\/revisions"}],"predecessor-version":[{"id":1580,"href":"https:\/\/masigroup.net\/fr\/wp-json\/wp\/v2\/pages\/1577\/revisions\/1580"}],"wp:attachment":[{"href":"https:\/\/masigroup.net\/fr\/wp-json\/wp\/v2\/media?parent=1577"}],"curies":[{"name":"wp","href":"https:\/\/api.w.org\/{rel}","templated":true}]}}