{"id":1715,"date":"2024-01-09T17:35:55","date_gmt":"2024-01-09T16:35:55","guid":{"rendered":"https:\/\/masigroup.net\/privacy-policy\/"},"modified":"2025-02-24T10:18:30","modified_gmt":"2025-02-24T09:18:30","slug":"politique-de-confidentialite","status":"publish","type":"page","link":"https:\/\/masigroup.net\/fr\/politique-de-confidentialite\/","title":{"rendered":"Politique de confidentialit\u00e9"},"content":{"rendered":"<div class=\"fusion-fullwidth fullwidth-box fusion-builder-row-1 fusion-flex-container has-pattern-background has-mask-background content1600 nonhundred-percent-fullwidth non-hundred-percent-height-scrolling\" style=\"--awb-background-position:left center;--awb-border-radius-top-left:0px;--awb-border-radius-top-right:0px;--awb-border-radius-bottom-right:0px;--awb-border-radius-bottom-left:0px;--awb-padding-top:90px;--awb-padding-bottom:70px;--awb-background-color:var(--awb-color1);--awb-background-size:40% auto;--awb-flex-wrap:wrap;\" ><div class=\"fusion-builder-row fusion-row fusion-flex-align-items-center fusion-flex-justify-content-flex-end fusion-flex-content-wrap\" style=\"max-width:1445.6px;margin-left: calc(-4% \/ 2 );margin-right: calc(-4% \/ 2 );\"><div class=\"fusion-layout-column fusion_builder_column fusion-builder-column-0 fusion_builder_column_1_1 1_1 fusion-flex-column fusion-animated\" style=\"--awb-bg-size:cover;--awb-width-large:100%;--awb-margin-top-large:0px;--awb-spacing-right-large:1.92%;--awb-margin-bottom-large:20px;--awb-spacing-left-large:1.92%;--awb-width-medium:100%;--awb-order-medium:0;--awb-spacing-right-medium:1.92%;--awb-spacing-left-medium:1.92%;--awb-width-small:100%;--awb-order-small:0;--awb-spacing-right-small:1.92%;--awb-spacing-left-small:1.92%;\" data-animationType=\"fadeInUp\" data-animationDuration=\"0.3\" data-animationDelay=\"0.3\" data-animationOffset=\"top-into-view\"><div class=\"fusion-column-wrapper fusion-column-has-shadow fusion-flex-justify-content-flex-start fusion-content-layout-column\"><div class=\"fusion-title title fusion-title-1 fusion-sep-none fusion-title-text fusion-title-size-one\" style=\"--awb-margin-bottom:50px;--awb-font-size:var(--awb-typography1-font-size);\"><h1 class=\"fusion-title-heading title-heading-left fusion-responsive-typography-calculated\" style=\"font-family:var(--awb-typography1-font-family);font-weight:var(--awb-typography1-font-weight);font-style:var(--awb-typography1-font-style);margin:0;font-size:1em;letter-spacing:var(--awb-typography1-letter-spacing);text-transform:var(--awb-typography1-text-transform);--fontSize:50;line-height:var(--awb-typography1-line-height);\">Privacy Policy<\/h1><\/div><div class=\"fusion-title title fusion-title-2 fusion-sep-none fusion-title-text fusion-title-size-two\" style=\"--awb-text-color:var(--awb-color6);--awb-margin-bottom:20px;--awb-font-size:var(--awb-typography3-font-size);\"><h2 class=\"fusion-title-heading title-heading-left fusion-responsive-typography-calculated\" style=\"font-family:var(--awb-typography3-font-family);font-weight:var(--awb-typography3-font-weight);font-style:var(--awb-typography3-font-style);margin:0;font-size:1em;letter-spacing:var(--awb-typography3-letter-spacing);text-transform:uppercase;--fontSize:18;--minFontSize:18;line-height:var(--awb-typography3-line-height);\">POLITIQUE DE CONFIDENTIALIT\u00c9<\/h2><\/div><div class=\"fusion-text fusion-text-1\" style=\"--awb-font-size:var(--awb-typography4-font-size);--awb-line-height:1.7;--awb-letter-spacing:var(--awb-typography4-letter-spacing);--awb-text-transform:var(--awb-typography4-text-transform);--awb-text-font-family:var(--awb-typography4-font-family);--awb-text-font-weight:var(--awb-typography4-font-weight);--awb-text-font-style:var(--awb-typography4-font-style);\"><p>Conform\u00e9ment aux dispositions relatives \u00e0 la protection des donn\u00e9es \u00e0 caract\u00e8re personnel, nous vous informons que les donn\u00e9es personnelles et nominatives que vous nous communiquez seront trait\u00e9es par MA.SI GROUP SRL<\/p>\n<p><strong>1) Quelles donn\u00e9es traitons-nous ?<\/strong><br \/>\nLes donn\u00e9es indispensables \u00e0 l&rsquo;identification (nom, pr\u00e9nom, raison sociale, si\u00e8ge social, adresse, num\u00e9ro de TVA, etc.) et celles indispensables au bon d\u00e9roulement de la relation professionnelle et de confiance qui nous lie.<\/p>\n<p><strong>2) Comment collectons-nous les donn\u00e9es et pourquoi les traitons-nous ?<\/strong><br \/>\nLes donn\u00e9es sont collect\u00e9es aupr\u00e8s des clients, par t\u00e9l\u00e9phone, par fax ou via notre site web et stock\u00e9es dans nos locaux. Les donn\u00e9es sont collect\u00e9es et enregistr\u00e9es en partie sur papier et en partie sur ordinateur, pour les finalit\u00e9s, explicites et l\u00e9gitimes, que nous indiquons ci-dessous :<\/p>\n<ul>\n<li>Finalit\u00e9s fonctionnelles \u00e0 l&rsquo;accomplissement des obligations r\u00e9glementaires, pr\u00e9vues par les lois, d\u00e9crets, r\u00e8glements et\/ou autres actes \u00e9quivalents, ainsi que par la l\u00e9gislation de l&rsquo;UE (par exemple : traitement juridique et \u00e9conomique du personnel, recrutement, s\u00e9lection, formation du personnel, accomplissement d&rsquo;obligations fiscales ou comptables).<\/li>\n<li>Finalit\u00e9s fonctionnelles de la gestion des relations avec la client\u00e8le, les fournisseurs, les banques, etc. (par exemple : contr\u00f4ler l\u2019\u00e9volution des relations avec les clients et les collaborateurs, r\u00e9pondre aux besoins d\u2019information technique et d&rsquo;assistance).<\/li>\n<li>L&rsquo;acc\u00e8s au site permet d&rsquo;identifier l&rsquo;adresse IP de l&rsquo;utilisateur.<\/li>\n<\/ul>\n<p><strong>3) La fourniture des donn\u00e9es est-elle obligatoire, que se passe-t-il si elles ne sont pas fournies ?<\/strong><br \/>\nLa fourniture des donn\u00e9es personnelles requises pour la finalit\u00e9 n\u00b0 1 (obligations d\u00e9rivant du droit italien et communautaire) est obligatoire et le refus de les fournir rendra impossible l&rsquo;\u00e9tablissement de rapports avec MA.SI GROUP SRL. La fourniture des donn\u00e9es personnelles n\u00e9cessaires \u00e0 la finalit\u00e9 n\u00b0 2 (ex\u00e9cution de la gestion op\u00e9rationnelle normale) n&rsquo;est pas obligatoire, mais le refus de les fournir peut entra\u00eener l&rsquo;impossibilit\u00e9 d&rsquo;ex\u00e9cuter un ou plusieurs services convenus, ou l&rsquo;impossibilit\u00e9 d&rsquo;\u00e9tablir de nouveaux rapports contractuels.<\/p>\n<p><strong>4) \u00c0 qui les donn\u00e9es peuvent-elles \u00eatre communiqu\u00e9es, quelle est l&rsquo;\u00e9tendue de la diffusion ?<\/strong><br \/>\nDans le cadre des activit\u00e9s administratives, comptables et fiscales, il est parfois n\u00e9cessaire de divulguer certaines des donn\u00e9es trait\u00e9es (par exemple : banques, comptables, consultants externes, administrations publiques). Une liste des noms de ces parties peut \u00eatre consult\u00e9e dans nos bureaux. La port\u00e9e de la diffusion est nationale.<br \/>\nMA.SI GROUP SRL s&rsquo;engage \u00e0 ne pas communiquer ou diffuser les informations la concernant \u00e0 des fins commerciales et \u00e0 ne pas vendre, partager ou c\u00e9der ses bases de donn\u00e9es.<br \/>\nIl va de soi qu&rsquo;il r\u00e9pond aux convocations et aux injonctions des autorit\u00e9s judiciaires, qu&rsquo;il collabore aux proc\u00e9dures judiciaires et qu&rsquo;il se conforme aux dispositions \u00e9mises par les autorit\u00e9s et les organismes de surveillance et de contr\u00f4le.<\/p>\n<p><strong>5) Quels sont vos droits, comment les faire valoir ?<\/strong><br \/>\nVous pouvez vous adresser pour faire valoir vos droits, \u00e0 l&rsquo;un de nos sites, comme indiqu\u00e9 sur le site Web, sous quelque forme que ce soit (e-mail, fax, lettre).<br \/>\nEn ce qui concerne le traitement des donn\u00e9es personnelles, vous avez en effet le droit :<\/p>\n<ul>\n<li>de savoir \u00e0 tout moment quelles sont vos donn\u00e9es personnelles en notre possession et comment elles sont utilis\u00e9es<\/li>\n<li>de faire mettre \u00e0 jour, compl\u00e9ter, rectifier ou effacer ces donn\u00e9es<\/li>\n<li>de suspendre le traitement de vos donn\u00e9es personnelles ou de vous y opposer en adressant une demande \u00e0 cet effet sous quelque forme que ce soit (fax, e-mail, lettre) \u00e0 MA.SI GROUP SRL, Via E. Berlinguer 17\/A \u2013 20872 Cornate D\u2019Adda (MB) Italy \u2013 N\u00b0 de t\u00e9l. 0374 870844 \u2013 Adresse e-mail : info@masigroup.net<\/li>\n<\/ul>\n<p>Dans l&rsquo;exercice de ces droits, vous pouvez donner, par \u00e9crit, une procuration \u00e0 des personnes physiques ou \u00e0 des associations.<\/p>\n<p><strong>6) Qui traite physiquement les donn\u00e9es, qui est le responsable du traitement ?<\/strong><br \/>\nChaque professionnel de notre \u00e9quipe agit en tant que responsable du traitement des donn\u00e9es pour les clients dont il s&rsquo;occupe. Les demandes doivent toujours \u00eatre adress\u00e9es \u00e0 MA.SI GROUP SRL, dont le si\u00e8ge est situ\u00e9 \u00e0 Cornate D&rsquo;Adda (MB) ITALIE.<\/p>\n<p><em>MA.SI GROUP SRL<\/em><\/p>\n<\/div><\/div><\/div><\/div><\/div>\n","protected":false},"excerpt":{"rendered":"","protected":false},"author":1,"featured_media":0,"parent":0,"menu_order":0,"comment_status":"closed","ping_status":"open","template":"100-width.php","meta":{"inline_featured_image":false,"footnotes":""},"class_list":["post-1715","page","type-page","status-publish","hentry"],"yoast_head":"<!-- This site is optimized with the Yoast SEO plugin v22.4 - https:\/\/yoast.com\/wordpress\/plugins\/seo\/ -->\n<title>Politique de confidentialit\u00e9 - MA.Si Group<\/title>\n<meta name=\"robots\" content=\"index, follow, max-snippet:-1, max-image-preview:large, max-video-preview:-1\" \/>\n<link rel=\"canonical\" href=\"https:\/\/masigroup.net\/fr\/politique-de-confidentialite\/\" \/>\n<meta property=\"og:locale\" content=\"fr_FR\" \/>\n<meta property=\"og:type\" content=\"article\" \/>\n<meta property=\"og:title\" content=\"Politique de confidentialit\u00e9 - MA.Si Group\" \/>\n<meta property=\"og:url\" content=\"https:\/\/masigroup.net\/fr\/politique-de-confidentialite\/\" \/>\n<meta property=\"og:site_name\" content=\"MA.Si Group\" \/>\n<meta property=\"article:modified_time\" content=\"2025-02-24T09:18:30+00:00\" \/>\n<meta name=\"twitter:card\" content=\"summary_large_image\" \/>\n<meta name=\"twitter:label1\" content=\"Dur\u00e9e de lecture estim\u00e9e\" \/>\n\t<meta name=\"twitter:data1\" content=\"4 minutes\" \/>\n<script type=\"application\/ld+json\" class=\"yoast-schema-graph\">{\"@context\":\"https:\/\/schema.org\",\"@graph\":[{\"@type\":\"WebPage\",\"@id\":\"https:\/\/masigroup.net\/fr\/politique-de-confidentialite\/\",\"url\":\"https:\/\/masigroup.net\/fr\/politique-de-confidentialite\/\",\"name\":\"Politique de confidentialit\u00e9 - MA.Si Group\",\"isPartOf\":{\"@id\":\"https:\/\/masigroup.net\/fr\/#website\"},\"datePublished\":\"2024-01-09T16:35:55+00:00\",\"dateModified\":\"2025-02-24T09:18:30+00:00\",\"breadcrumb\":{\"@id\":\"https:\/\/masigroup.net\/fr\/politique-de-confidentialite\/#breadcrumb\"},\"inLanguage\":\"fr-FR\",\"potentialAction\":[{\"@type\":\"ReadAction\",\"target\":[\"https:\/\/masigroup.net\/fr\/politique-de-confidentialite\/\"]}]},{\"@type\":\"BreadcrumbList\",\"@id\":\"https:\/\/masigroup.net\/fr\/politique-de-confidentialite\/#breadcrumb\",\"itemListElement\":[{\"@type\":\"ListItem\",\"position\":1,\"name\":\"Home\",\"item\":\"https:\/\/masigroup.net\/fr\/\"},{\"@type\":\"ListItem\",\"position\":2,\"name\":\"Politique de confidentialit\u00e9\"}]},{\"@type\":\"WebSite\",\"@id\":\"https:\/\/masigroup.net\/fr\/#website\",\"url\":\"https:\/\/masigroup.net\/fr\/\",\"name\":\"MA.Si Group srl\",\"description\":\"Impresa di Costruzioni\",\"publisher\":{\"@id\":\"https:\/\/masigroup.net\/fr\/#organization\"},\"potentialAction\":[{\"@type\":\"SearchAction\",\"target\":{\"@type\":\"EntryPoint\",\"urlTemplate\":\"https:\/\/masigroup.net\/fr\/?s={search_term_string}\"},\"query-input\":\"required name=search_term_string\"}],\"inLanguage\":\"fr-FR\"},{\"@type\":\"Organization\",\"@id\":\"https:\/\/masigroup.net\/fr\/#organization\",\"name\":\"MA.Si Group srl\",\"url\":\"https:\/\/masigroup.net\/fr\/\",\"logo\":{\"@type\":\"ImageObject\",\"inLanguage\":\"fr-FR\",\"@id\":\"https:\/\/masigroup.net\/fr\/#\/schema\/logo\/image\/\",\"url\":\"https:\/\/masigroup.net\/wp-content\/uploads\/2024\/01\/logo-masi-group.svg\",\"contentUrl\":\"https:\/\/masigroup.net\/wp-content\/uploads\/2024\/01\/logo-masi-group.svg\",\"width\":\"1024\",\"height\":\"1024\",\"caption\":\"MA.Si Group srl\"},\"image\":{\"@id\":\"https:\/\/masigroup.net\/fr\/#\/schema\/logo\/image\/\"}}]}<\/script>\n<!-- \/ Yoast SEO plugin. -->","yoast_head_json":{"title":"Politique de confidentialit\u00e9 - MA.Si Group","robots":{"index":"index","follow":"follow","max-snippet":"max-snippet:-1","max-image-preview":"max-image-preview:large","max-video-preview":"max-video-preview:-1"},"canonical":"https:\/\/masigroup.net\/fr\/politique-de-confidentialite\/","og_locale":"fr_FR","og_type":"article","og_title":"Politique de confidentialit\u00e9 - MA.Si Group","og_url":"https:\/\/masigroup.net\/fr\/politique-de-confidentialite\/","og_site_name":"MA.Si Group","article_modified_time":"2025-02-24T09:18:30+00:00","twitter_card":"summary_large_image","twitter_misc":{"Dur\u00e9e de lecture estim\u00e9e":"4 minutes"},"schema":{"@context":"https:\/\/schema.org","@graph":[{"@type":"WebPage","@id":"https:\/\/masigroup.net\/fr\/politique-de-confidentialite\/","url":"https:\/\/masigroup.net\/fr\/politique-de-confidentialite\/","name":"Politique de confidentialit\u00e9 - MA.Si Group","isPartOf":{"@id":"https:\/\/masigroup.net\/fr\/#website"},"datePublished":"2024-01-09T16:35:55+00:00","dateModified":"2025-02-24T09:18:30+00:00","breadcrumb":{"@id":"https:\/\/masigroup.net\/fr\/politique-de-confidentialite\/#breadcrumb"},"inLanguage":"fr-FR","potentialAction":[{"@type":"ReadAction","target":["https:\/\/masigroup.net\/fr\/politique-de-confidentialite\/"]}]},{"@type":"BreadcrumbList","@id":"https:\/\/masigroup.net\/fr\/politique-de-confidentialite\/#breadcrumb","itemListElement":[{"@type":"ListItem","position":1,"name":"Home","item":"https:\/\/masigroup.net\/fr\/"},{"@type":"ListItem","position":2,"name":"Politique de confidentialit\u00e9"}]},{"@type":"WebSite","@id":"https:\/\/masigroup.net\/fr\/#website","url":"https:\/\/masigroup.net\/fr\/","name":"MA.Si Group srl","description":"Impresa di Costruzioni","publisher":{"@id":"https:\/\/masigroup.net\/fr\/#organization"},"potentialAction":[{"@type":"SearchAction","target":{"@type":"EntryPoint","urlTemplate":"https:\/\/masigroup.net\/fr\/?s={search_term_string}"},"query-input":"required name=search_term_string"}],"inLanguage":"fr-FR"},{"@type":"Organization","@id":"https:\/\/masigroup.net\/fr\/#organization","name":"MA.Si Group srl","url":"https:\/\/masigroup.net\/fr\/","logo":{"@type":"ImageObject","inLanguage":"fr-FR","@id":"https:\/\/masigroup.net\/fr\/#\/schema\/logo\/image\/","url":"https:\/\/masigroup.net\/wp-content\/uploads\/2024\/01\/logo-masi-group.svg","contentUrl":"https:\/\/masigroup.net\/wp-content\/uploads\/2024\/01\/logo-masi-group.svg","width":"1024","height":"1024","caption":"MA.Si Group srl"},"image":{"@id":"https:\/\/masigroup.net\/fr\/#\/schema\/logo\/image\/"}}]}},"_links":{"self":[{"href":"https:\/\/masigroup.net\/fr\/wp-json\/wp\/v2\/pages\/1715","targetHints":{"allow":["GET"]}}],"collection":[{"href":"https:\/\/masigroup.net\/fr\/wp-json\/wp\/v2\/pages"}],"about":[{"href":"https:\/\/masigroup.net\/fr\/wp-json\/wp\/v2\/types\/page"}],"author":[{"embeddable":true,"href":"https:\/\/masigroup.net\/fr\/wp-json\/wp\/v2\/users\/1"}],"replies":[{"embeddable":true,"href":"https:\/\/masigroup.net\/fr\/wp-json\/wp\/v2\/comments?post=1715"}],"version-history":[{"count":2,"href":"https:\/\/masigroup.net\/fr\/wp-json\/wp\/v2\/pages\/1715\/revisions"}],"predecessor-version":[{"id":1720,"href":"https:\/\/masigroup.net\/fr\/wp-json\/wp\/v2\/pages\/1715\/revisions\/1720"}],"wp:attachment":[{"href":"https:\/\/masigroup.net\/fr\/wp-json\/wp\/v2\/media?parent=1715"}],"curies":[{"name":"wp","href":"https:\/\/api.w.org\/{rel}","templated":true}]}}